{"id":80,"date":"2016-01-25T19:51:03","date_gmt":"2016-01-25T19:51:03","guid":{"rendered":"https:\/\/www.hardynet.ch\/gigathlon\/?page_id=80"},"modified":"2018-06-06T18:43:40","modified_gmt":"2018-06-06T18:43:40","slug":"resultat-2015","status":"publish","type":"page","link":"https:\/\/www.hardynet.ch\/gigathlon\/resultat-2015\/","title":{"rendered":"Resultat"},"content":{"rendered":"<p><strong>2017:\u00a0<\/strong>Nach 24 Stunden, 26 Minuten und 05 Sekunden war es vorbei.<\/p>\n<div id=\"attachment_115\" style=\"width: 252px\" class=\"wp-caption alignnone\"><a href=\"https:\/\/i0.wp.com\/www.hardynet.ch\/gigathlon\/wp-content\/uploads\/2018\/06\/Gigathlon2017.png?ssl=1\"><img data-recalc-dims=\"1\" loading=\"lazy\" decoding=\"async\" aria-describedby=\"caption-attachment-115\" class=\"size-medium wp-image-115\" src=\"https:\/\/i0.wp.com\/www.hardynet.ch\/gigathlon\/wp-content\/uploads\/2018\/06\/Gigathlon2017.png?resize=242%2C300&#038;ssl=1\" alt=\"Gigathlon2017\" width=\"242\" height=\"300\" srcset=\"https:\/\/i0.wp.com\/www.hardynet.ch\/gigathlon\/wp-content\/uploads\/2018\/06\/Gigathlon2017.png?resize=242%2C300&amp;ssl=1 242w, https:\/\/i0.wp.com\/www.hardynet.ch\/gigathlon\/wp-content\/uploads\/2018\/06\/Gigathlon2017.png?w=670&amp;ssl=1 670w\" sizes=\"auto, (max-width: 242px) 100vw, 242px\" \/><\/a><p id=\"caption-attachment-115\" class=\"wp-caption-text\">Gigathlon2017<\/p><\/div>\n<p><strong>2015:<\/strong> Nach 25 Stunden, 41 Minuten und 42 Sekunden war es geschafft, und ich bin in Aarau eingetroffen (einfach Geil).<\/p>\n<p><a href=\"https:\/\/i0.wp.com\/www.hardynet.ch\/gigathlon\/wp-content\/uploads\/2016\/01\/ErgebnisGiagthlon2015.jpg?ssl=1\" rel=\"attachment wp-att-82\"><img data-recalc-dims=\"1\" loading=\"lazy\" decoding=\"async\" class=\"alignnone size-medium wp-image-82\" src=\"https:\/\/i0.wp.com\/www.hardynet.ch\/gigathlon\/wp-content\/uploads\/2016\/01\/ErgebnisGiagthlon2015.jpg?resize=217%2C300&#038;ssl=1\" alt=\"ErgebnisGiagthlon2015\" width=\"217\" height=\"300\" srcset=\"https:\/\/i0.wp.com\/www.hardynet.ch\/gigathlon\/wp-content\/uploads\/2016\/01\/ErgebnisGiagthlon2015.jpg?resize=217%2C300&amp;ssl=1 217w, https:\/\/i0.wp.com\/www.hardynet.ch\/gigathlon\/wp-content\/uploads\/2016\/01\/ErgebnisGiagthlon2015.jpg?w=661&amp;ssl=1 661w\" sizes=\"auto, (max-width: 217px) 100vw, 217px\" \/><\/a><\/p>\n","protected":false},"excerpt":{"rendered":"<p>2017:\u00a0Nach 24 Stunden, 26 Minuten und 05 Sekunden war es vorbei. 2015: Nach 25 Stunden, 41 Minuten und 42 Sekunden war es geschafft, und ich bin in Aarau eingetroffen (einfach Geil).<\/p>\n","protected":false},"author":1,"featured_media":0,"parent":0,"menu_order":0,"comment_status":"closed","ping_status":"closed","template":"","meta":{"_coblocks_attr":"","_coblocks_dimensions":"","_coblocks_responsive_height":"","_coblocks_accordion_ie_support":"","advgb_blocks_editor_width":"","advgb_blocks_columns_visual_guide":"","footnotes":""},"class_list":["post-80","page","type-page","status-publish","hentry"],"coauthors":[],"author_meta":{"author_link":"https:\/\/www.hardynet.ch\/gigathlon\/author\/admin\/","display_name":"Ren\u00e9 Hartmann"},"relative_dates":{"created":"Ver\u00f6ffentlicht 10 Jahren vor","modified":"Aktualisiert 8 Jahren vor"},"absolute_dates":{"created":"Ver\u00f6ffentlicht am 25. Januar 2016","modified":"Aktualisiert am 6. Juni 2018"},"absolute_dates_time":{"created":"Ver\u00f6ffentlicht am 25. Januar 2016 19:51","modified":"Aktualisiert am 6. Juni 2018 18:43"},"featured_img_caption":"","featured_img":false,"series_order":"","jetpack_sharing_enabled":true,"_links":{"self":[{"href":"https:\/\/www.hardynet.ch\/gigathlon\/wp-json\/wp\/v2\/pages\/80","targetHints":{"allow":["GET"]}}],"collection":[{"href":"https:\/\/www.hardynet.ch\/gigathlon\/wp-json\/wp\/v2\/pages"}],"about":[{"href":"https:\/\/www.hardynet.ch\/gigathlon\/wp-json\/wp\/v2\/types\/page"}],"author":[{"embeddable":true,"href":"https:\/\/www.hardynet.ch\/gigathlon\/wp-json\/wp\/v2\/users\/1"}],"replies":[{"embeddable":true,"href":"https:\/\/www.hardynet.ch\/gigathlon\/wp-json\/wp\/v2\/comments?post=80"}],"version-history":[{"count":6,"href":"https:\/\/www.hardynet.ch\/gigathlon\/wp-json\/wp\/v2\/pages\/80\/revisions"}],"predecessor-version":[{"id":116,"href":"https:\/\/www.hardynet.ch\/gigathlon\/wp-json\/wp\/v2\/pages\/80\/revisions\/116"}],"wp:attachment":[{"href":"https:\/\/www.hardynet.ch\/gigathlon\/wp-json\/wp\/v2\/media?parent=80"}],"curies":[{"name":"wp","href":"https:\/\/api.w.org\/{rel}","templated":true}]}}