{"id":6,"date":"2015-04-11T19:26:22","date_gmt":"2015-04-11T19:26:22","guid":{"rendered":"http:\/\/www.hardynet.ch\/gigathlon\/?page_id=6"},"modified":"2019-08-17T18:35:47","modified_gmt":"2019-08-17T18:35:47","slug":"geschichte","status":"publish","type":"page","link":"https:\/\/www.hardynet.ch\/gigathlon\/","title":{"rendered":"Bikes"},"content":{"rendered":"<div  class=\"grids-section grids-is-advanced\" style=\"--_gs-gap-desktop:0px 0px;--_gs-m-desktop:0 0 0 0;--_gs-p-desktop:0 0 0 0;--_gs-bg-desktop:transparent none;--_gs-bg-xp-desktop:0px;--_gs-zi-desktop:auto;--_gs-d-desktop:block;--_gs-mw-desktop:calc(100% - 0 - 0);--_gs-gap-tablet:0px 0px;--_gs-m-tablet:0 0 0 0;--_gs-p-tablet:0 0 0 0;--_gs-bg-tablet:transparent none;--_gs-bg-xp-tablet:0px;--_gs-zi-tablet:auto;--_gs-d-tablet:block;--_gs-mw-tablet:calc(100% - 0 - 0);--_gs-gap-mobile:0px 0px;--_gs-m-mobile:0 0 0 0;--_gs-p-mobile:0 0 0 0;--_gs-bg-mobile:transparent none;--_gs-bg-xp-mobile:0px;--_gs-zi-mobile:auto;--_gs-d-mobile:block;--_gs-mw-mobile:calc(100% - 0 - 0);--_gs-columns:12;--_gs-rows:6\"><div class=\"grids-s-w_i\">\n<div class=\"grids-area\" style=\"--_ga-column:1\/13;--_ga-row:1\/2;--_ga-m-desktop:0 0 0 0;--_ga-p-desktop:0 0 0 0;--_ga-bg-desktop:#abb8c3 none;--_ga-zi-desktop:auto;--_ga-d-desktop:flex;--_ga-mw-desktop:calc(100% - 0 - 0);--_ga-m-tablet:0 0 0 0;--_ga-p-tablet:0 0 0 0;--_ga-bg-tablet:#abb8c3 none;--_ga-zi-tablet:auto;--_ga-d-tablet:flex;--_ga-mw-tablet:calc(100% - 0 - 0);--_ga-m-mobile:0 0 0 0;--_ga-p-mobile:0 0 0 0;--_ga-bg-mobile:#abb8c3 none;--_ga-zi-mobile:auto;--_ga-d-mobile:flex;--_ga-mw-mobile:calc(100% - 0 - 0)\">\n\n<h3 class=\"wp-block-heading\"><strong>Evil: Das kleine Schwarze<\/strong><\/h3>\n\n<\/div>\n\n<div class=\"grids-area\" style=\"--_ga-column:2\/6;--_ga-row:2\/5;--_ga-m-desktop:10px 10px 10px 10px;--_ga-p-desktop:0px 0px 00px 0px;--_ga-bg-desktop:transparent none;--_ga-zi-desktop:auto;--_ga-d-desktop:flex;--_ga-mw-desktop:calc(100% - 10px - 10px);--_ga-m-tablet:10px 10px 10px 10px;--_ga-p-tablet:0px 0px 00px 0px;--_ga-bg-tablet:transparent none;--_ga-zi-tablet:auto;--_ga-d-tablet:flex;--_ga-mw-tablet:calc(100% - 10px - 10px);--_ga-m-mobile:10px 10px 10px 10px;--_ga-p-mobile:0px 0px 00px 0px;--_ga-bg-mobile:transparent none;--_ga-zi-mobile:auto;--_ga-d-mobile:flex;--_ga-mw-mobile:calc(100% - 10px - 10px)\">\n\n<figure class=\"wp-block-image is-resized\"><img data-recalc-dims=\"1\" loading=\"lazy\" decoding=\"async\" src=\"https:\/\/i0.wp.com\/www.hardynet.ch\/gigathlon\/wp-content\/uploads\/2018\/06\/Evil.jpg?resize=267%2C150&#038;ssl=1\" alt=\"Evil Following\" class=\"wp-image-122\" width=\"267\" height=\"150\" srcset=\"https:\/\/i0.wp.com\/www.hardynet.ch\/gigathlon\/wp-content\/uploads\/2018\/06\/Evil.jpg?resize=1024%2C576&amp;ssl=1 1024w, https:\/\/i0.wp.com\/www.hardynet.ch\/gigathlon\/wp-content\/uploads\/2018\/06\/Evil.jpg?resize=300%2C169&amp;ssl=1 300w, https:\/\/i0.wp.com\/www.hardynet.ch\/gigathlon\/wp-content\/uploads\/2018\/06\/Evil.jpg?resize=768%2C432&amp;ssl=1 768w, https:\/\/i0.wp.com\/www.hardynet.ch\/gigathlon\/wp-content\/uploads\/2018\/06\/Evil.jpg?w=1460&amp;ssl=1 1460w, https:\/\/i0.wp.com\/www.hardynet.ch\/gigathlon\/wp-content\/uploads\/2018\/06\/Evil.jpg?w=2190&amp;ssl=1 2190w\" sizes=\"auto, (max-width: 267px) 100vw, 267px\" \/><\/figure>\n\n\n\n\n\n<\/div>\n\n<div class=\"grids-area\" style=\"--_ga-column:5\/9;--_ga-row:3\/6;--_ga-m-desktop:0 0 0 0;--_ga-p-desktop:0 0 0 0;--_ga-bg-desktop:transparent none;--_ga-zi-desktop:auto;--_ga-d-desktop:flex;--_ga-mw-desktop:calc(100% - 0 - 0);--_ga-m-tablet:0 0 0 0;--_ga-p-tablet:0 0 0 0;--_ga-bg-tablet:transparent none;--_ga-zi-tablet:auto;--_ga-d-tablet:flex;--_ga-mw-tablet:calc(100% - 0 - 0);--_ga-m-mobile:0 0 0 0;--_ga-p-mobile:0 0 0 0;--_ga-bg-mobile:transparent none;--_ga-zi-mobile:auto;--_ga-d-mobile:flex;--_ga-mw-mobile:calc(100% - 0 - 0)\">\n\n<figure class=\"wp-block-image is-resized\"><img data-recalc-dims=\"1\" loading=\"lazy\" decoding=\"async\" src=\"https:\/\/i0.wp.com\/www.hardynet.ch\/gigathlon\/wp-content\/uploads\/2018\/06\/Evil01.jpg?resize=271%2C152&#038;ssl=1\" alt=\"Evil Following\" class=\"wp-image-123\" width=\"271\" height=\"152\" srcset=\"https:\/\/i0.wp.com\/www.hardynet.ch\/gigathlon\/wp-content\/uploads\/2018\/06\/Evil01.jpg?resize=1024%2C576&amp;ssl=1 1024w, https:\/\/i0.wp.com\/www.hardynet.ch\/gigathlon\/wp-content\/uploads\/2018\/06\/Evil01.jpg?resize=300%2C169&amp;ssl=1 300w, https:\/\/i0.wp.com\/www.hardynet.ch\/gigathlon\/wp-content\/uploads\/2018\/06\/Evil01.jpg?resize=768%2C432&amp;ssl=1 768w, https:\/\/i0.wp.com\/www.hardynet.ch\/gigathlon\/wp-content\/uploads\/2018\/06\/Evil01.jpg?w=1460&amp;ssl=1 1460w, https:\/\/i0.wp.com\/www.hardynet.ch\/gigathlon\/wp-content\/uploads\/2018\/06\/Evil01.jpg?w=2190&amp;ssl=1 2190w\" sizes=\"auto, (max-width: 271px) 100vw, 271px\" \/><\/figure>\n\n<\/div>\n<\/div><\/div>\n\n<div  class=\"grids-section grids-is-advanced\" style=\"--_gs-gap-desktop:0px 0px;--_gs-m-desktop:0 0 0 0;--_gs-p-desktop:0 0 0 0;--_gs-bg-desktop:transparent none;--_gs-bg-xp-desktop:0px;--_gs-zi-desktop:auto;--_gs-d-desktop:block;--_gs-mw-desktop:calc(100% - 0 - 0);--_gs-gap-tablet:0px 0px;--_gs-m-tablet:0 0 0 0;--_gs-p-tablet:0 0 0 0;--_gs-bg-tablet:transparent none;--_gs-bg-xp-tablet:0px;--_gs-zi-tablet:auto;--_gs-d-tablet:block;--_gs-mw-tablet:calc(100% - 0 - 0);--_gs-gap-mobile:0px 0px;--_gs-m-mobile:0 0 0 0;--_gs-p-mobile:0 0 0 0;--_gs-bg-mobile:transparent none;--_gs-bg-xp-mobile:0px;--_gs-zi-mobile:auto;--_gs-d-mobile:block;--_gs-mw-mobile:calc(100% - 0 - 0);--_gs-columns:12;--_gs-rows:6\"><div class=\"grids-s-w_i\">\n<div class=\"grids-area\" style=\"--_ga-column:1\/13;--_ga-row:1\/2;--_ga-m-desktop:0 0 0 0;--_ga-p-desktop:0 0 0 0;--_ga-bg-desktop:#abb8c3 none;--_ga-zi-desktop:auto;--_ga-d-desktop:flex;--_ga-mw-desktop:calc(100% - 0 - 0);--_ga-m-tablet:0 0 0 0;--_ga-p-tablet:0 0 0 0;--_ga-bg-tablet:#abb8c3 none;--_ga-zi-tablet:auto;--_ga-d-tablet:flex;--_ga-mw-tablet:calc(100% - 0 - 0);--_ga-m-mobile:0 0 0 0;--_ga-p-mobile:0 0 0 0;--_ga-bg-mobile:#abb8c3 none;--_ga-zi-mobile:auto;--_ga-d-mobile:flex;--_ga-mw-mobile:calc(100% - 0 - 0)\">\n\n<h3 class=\"wp-block-heading\" style=\"text-align:center\">Niner Air<\/h3>\n\n\n\n\n\n<\/div>\n\n<div class=\"grids-area\" style=\"--_ga-column:1\/4;--_ga-row:2\/5;--_ga-m-desktop:0 0 0 0;--_ga-p-desktop:0 0 0 0;--_ga-bg-desktop:transparent none;--_ga-zi-desktop:auto;--_ga-d-desktop:flex;--_ga-mw-desktop:calc(100% - 0 - 0);--_ga-m-tablet:0 0 0 0;--_ga-p-tablet:0 0 0 0;--_ga-bg-tablet:transparent none;--_ga-zi-tablet:auto;--_ga-d-tablet:flex;--_ga-mw-tablet:calc(100% - 0 - 0);--_ga-m-mobile:0 0 0 0;--_ga-p-mobile:0 0 0 0;--_ga-bg-mobile:transparent none;--_ga-zi-mobile:auto;--_ga-d-mobile:flex;--_ga-mw-mobile:calc(100% - 0 - 0)\">\n\n<figure class=\"wp-block-image is-resized\"><img data-recalc-dims=\"1\" loading=\"lazy\" decoding=\"async\" src=\"https:\/\/i0.wp.com\/www.hardynet.ch\/gigathlon\/wp-content\/uploads\/2018\/06\/NinerAir.jpg?resize=238%2C134&#038;ssl=1\" alt=\"Niner Air\" class=\"wp-image-125\" width=\"238\" height=\"134\" srcset=\"https:\/\/i0.wp.com\/www.hardynet.ch\/gigathlon\/wp-content\/uploads\/2018\/06\/NinerAir.jpg?resize=1024%2C576&amp;ssl=1 1024w, https:\/\/i0.wp.com\/www.hardynet.ch\/gigathlon\/wp-content\/uploads\/2018\/06\/NinerAir.jpg?resize=300%2C169&amp;ssl=1 300w, https:\/\/i0.wp.com\/www.hardynet.ch\/gigathlon\/wp-content\/uploads\/2018\/06\/NinerAir.jpg?resize=768%2C432&amp;ssl=1 768w, https:\/\/i0.wp.com\/www.hardynet.ch\/gigathlon\/wp-content\/uploads\/2018\/06\/NinerAir.jpg?w=1460&amp;ssl=1 1460w, https:\/\/i0.wp.com\/www.hardynet.ch\/gigathlon\/wp-content\/uploads\/2018\/06\/NinerAir.jpg?w=2190&amp;ssl=1 2190w\" sizes=\"auto, (max-width: 238px) 100vw, 238px\" \/><\/figure>\n\n<\/div>\n\n<div class=\"grids-area\" style=\"--_ga-column:5\/8;--_ga-row:4\/7;--_ga-m-desktop:0 0 0 0;--_ga-p-desktop:0 0 0 0;--_ga-bg-desktop:transparent none;--_ga-zi-desktop:auto;--_ga-d-desktop:flex;--_ga-mw-desktop:calc(100% - 0 - 0);--_ga-m-tablet:0 0 0 0;--_ga-p-tablet:0 0 0 0;--_ga-bg-tablet:transparent none;--_ga-zi-tablet:auto;--_ga-d-tablet:flex;--_ga-mw-tablet:calc(100% - 0 - 0);--_ga-m-mobile:0 0 0 0;--_ga-p-mobile:0 0 0 0;--_ga-bg-mobile:transparent none;--_ga-zi-mobile:auto;--_ga-d-mobile:flex;--_ga-mw-mobile:calc(100% - 0 - 0)\"><\/div>\n\n<div class=\"grids-area\" style=\"--_ga-column:3\/6;--_ga-row:3\/6;--_ga-m-desktop:0 0 0 0;--_ga-p-desktop:0 0 0 0;--_ga-bg-desktop:transparent none;--_ga-zi-desktop:auto;--_ga-d-desktop:flex;--_ga-mw-desktop:calc(100% - 0 - 0);--_ga-m-tablet:0 0 0 0;--_ga-p-tablet:0 0 0 0;--_ga-bg-tablet:transparent none;--_ga-zi-tablet:auto;--_ga-d-tablet:flex;--_ga-mw-tablet:calc(100% - 0 - 0);--_ga-m-mobile:0 0 0 0;--_ga-p-mobile:0 0 0 0;--_ga-bg-mobile:transparent none;--_ga-zi-mobile:auto;--_ga-d-mobile:flex;--_ga-mw-mobile:calc(100% - 0 - 0)\">\n\n<figure class=\"wp-block-image is-resized\"><img data-recalc-dims=\"1\" loading=\"lazy\" decoding=\"async\" src=\"https:\/\/i0.wp.com\/www.hardynet.ch\/gigathlon\/wp-content\/uploads\/2018\/06\/NinerAir01.jpg?resize=176%2C132&#038;ssl=1\" alt=\"Niner Air\" class=\"wp-image-126\" width=\"176\" height=\"132\" srcset=\"https:\/\/i0.wp.com\/www.hardynet.ch\/gigathlon\/wp-content\/uploads\/2018\/06\/NinerAir01.jpg?resize=1024%2C768&amp;ssl=1 1024w, https:\/\/i0.wp.com\/www.hardynet.ch\/gigathlon\/wp-content\/uploads\/2018\/06\/NinerAir01.jpg?resize=300%2C225&amp;ssl=1 300w, https:\/\/i0.wp.com\/www.hardynet.ch\/gigathlon\/wp-content\/uploads\/2018\/06\/NinerAir01.jpg?resize=768%2C576&amp;ssl=1 768w, https:\/\/i0.wp.com\/www.hardynet.ch\/gigathlon\/wp-content\/uploads\/2018\/06\/NinerAir01.jpg?resize=285%2C215&amp;ssl=1 285w, https:\/\/i0.wp.com\/www.hardynet.ch\/gigathlon\/wp-content\/uploads\/2018\/06\/NinerAir01.jpg?w=1460&amp;ssl=1 1460w, https:\/\/i0.wp.com\/www.hardynet.ch\/gigathlon\/wp-content\/uploads\/2018\/06\/NinerAir01.jpg?w=2190&amp;ssl=1 2190w\" sizes=\"auto, (max-width: 176px) 100vw, 176px\" \/><\/figure>\n\n<\/div>\n\n<div class=\"grids-area\" style=\"--_ga-column:9\/12;--_ga-row:3\/6;--_ga-m-desktop:0 0 0 0;--_ga-p-desktop:0 0 0 0;--_ga-bg-desktop:transparent none;--_ga-zi-desktop:auto;--_ga-d-desktop:flex;--_ga-mw-desktop:calc(100% - 0 - 0);--_ga-m-tablet:0 0 0 0;--_ga-p-tablet:0 0 0 0;--_ga-bg-tablet:transparent none;--_ga-zi-tablet:auto;--_ga-d-tablet:flex;--_ga-mw-tablet:calc(100% - 0 - 0);--_ga-m-mobile:0 0 0 0;--_ga-p-mobile:0 0 0 0;--_ga-bg-mobile:transparent none;--_ga-zi-mobile:auto;--_ga-d-mobile:flex;--_ga-mw-mobile:calc(100% - 0 - 0)\"><\/div>\n<\/div><\/div>\n\n<div  class=\"grids-section grids-is-advanced\" style=\"--_gs-gap-desktop:0px 0px;--_gs-m-desktop:0 0 0 0;--_gs-p-desktop:0 0 0 0;--_gs-bg-desktop:transparent none;--_gs-bg-xp-desktop:0px;--_gs-zi-desktop:auto;--_gs-d-desktop:block;--_gs-mw-desktop:calc(100% - 0 - 0);--_gs-gap-tablet:0px 0px;--_gs-m-tablet:0 0 0 0;--_gs-p-tablet:0 0 0 0;--_gs-bg-tablet:transparent none;--_gs-bg-xp-tablet:0px;--_gs-zi-tablet:auto;--_gs-d-tablet:block;--_gs-mw-tablet:calc(100% - 0 - 0);--_gs-gap-mobile:0px 0px;--_gs-m-mobile:0 0 0 0;--_gs-p-mobile:0 0 0 0;--_gs-bg-mobile:transparent none;--_gs-bg-xp-mobile:0px;--_gs-zi-mobile:auto;--_gs-d-mobile:block;--_gs-mw-mobile:calc(100% - 0 - 0);--_gs-columns:12;--_gs-rows:6\"><div class=\"grids-s-w_i\">\n<div class=\"grids-area\" style=\"--_ga-column:1\/13;--_ga-row:1\/2;--_ga-m-desktop:0 0 0 0;--_ga-p-desktop:0 0 0 0;--_ga-bg-desktop:#abb8c3 none;--_ga-zi-desktop:auto;--_ga-d-desktop:flex;--_ga-mw-desktop:calc(100% - 0 - 0);--_ga-m-tablet:0 0 0 0;--_ga-p-tablet:0 0 0 0;--_ga-bg-tablet:#abb8c3 none;--_ga-zi-tablet:auto;--_ga-d-tablet:flex;--_ga-mw-tablet:calc(100% - 0 - 0);--_ga-m-mobile:0 0 0 0;--_ga-p-mobile:0 0 0 0;--_ga-bg-mobile:#abb8c3 none;--_ga-zi-mobile:auto;--_ga-d-mobile:flex;--_ga-mw-mobile:calc(100% - 0 - 0)\">\n\n<h3 class=\"wp-block-heading\">Niner Rip<\/h3>\n\n\n\n\n\n<\/div>\n\n<div class=\"grids-area\" style=\"--_ga-column:1\/5;--_ga-row:2\/6;--_ga-m-desktop:0 0 0 0;--_ga-p-desktop:0 0 0 0;--_ga-bg-desktop:transparent none;--_ga-zi-desktop:auto;--_ga-d-desktop:flex;--_ga-mw-desktop:calc(100% - 0 - 0);--_ga-m-tablet:0 0 0 0;--_ga-p-tablet:0 0 0 0;--_ga-bg-tablet:transparent none;--_ga-zi-tablet:auto;--_ga-d-tablet:flex;--_ga-mw-tablet:calc(100% - 0 - 0);--_ga-m-mobile:0 0 0 0;--_ga-p-mobile:0 0 0 0;--_ga-bg-mobile:transparent none;--_ga-zi-mobile:auto;--_ga-d-mobile:flex;--_ga-mw-mobile:calc(100% - 0 - 0)\">\n\n<figure class=\"wp-block-image is-resized\"><img data-recalc-dims=\"1\" loading=\"lazy\" decoding=\"async\" src=\"https:\/\/i0.wp.com\/www.hardynet.ch\/gigathlon\/wp-content\/uploads\/2018\/06\/NinerRip.jpg?resize=255%2C191&#038;ssl=1\" alt=\"Niner Rip\" class=\"wp-image-127\" width=\"255\" height=\"191\" srcset=\"https:\/\/i0.wp.com\/www.hardynet.ch\/gigathlon\/wp-content\/uploads\/2018\/06\/NinerRip.jpg?resize=1024%2C768&amp;ssl=1 1024w, https:\/\/i0.wp.com\/www.hardynet.ch\/gigathlon\/wp-content\/uploads\/2018\/06\/NinerRip.jpg?resize=300%2C225&amp;ssl=1 300w, https:\/\/i0.wp.com\/www.hardynet.ch\/gigathlon\/wp-content\/uploads\/2018\/06\/NinerRip.jpg?resize=768%2C576&amp;ssl=1 768w, https:\/\/i0.wp.com\/www.hardynet.ch\/gigathlon\/wp-content\/uploads\/2018\/06\/NinerRip.jpg?resize=285%2C215&amp;ssl=1 285w, https:\/\/i0.wp.com\/www.hardynet.ch\/gigathlon\/wp-content\/uploads\/2018\/06\/NinerRip.jpg?w=1460&amp;ssl=1 1460w, https:\/\/i0.wp.com\/www.hardynet.ch\/gigathlon\/wp-content\/uploads\/2018\/06\/NinerRip.jpg?w=2190&amp;ssl=1 2190w\" sizes=\"auto, (max-width: 255px) 100vw, 255px\" \/><\/figure>\n\n<\/div>\n\n<div class=\"grids-area\" style=\"--_ga-column:9\/13;--_ga-row:3\/7;--_ga-m-desktop:0 0 0 0;--_ga-p-desktop:0 0 0 0;--_ga-bg-desktop:transparent none;--_ga-zi-desktop:auto;--_ga-d-desktop:flex;--_ga-mw-desktop:calc(100% - 0 - 0);--_ga-m-tablet:0 0 0 0;--_ga-p-tablet:0 0 0 0;--_ga-bg-tablet:transparent none;--_ga-zi-tablet:auto;--_ga-d-tablet:flex;--_ga-mw-tablet:calc(100% - 0 - 0);--_ga-m-mobile:0 0 0 0;--_ga-p-mobile:0 0 0 0;--_ga-bg-mobile:transparent none;--_ga-zi-mobile:auto;--_ga-d-mobile:flex;--_ga-mw-mobile:calc(100% - 0 - 0)\">\n\n<figure class=\"wp-block-image is-resized\"><img data-recalc-dims=\"1\" loading=\"lazy\" decoding=\"async\" src=\"https:\/\/i0.wp.com\/www.hardynet.ch\/gigathlon\/wp-content\/uploads\/2018\/06\/NinerRip01.jpg?resize=235%2C176&#038;ssl=1\" alt=\"Niner Rip\" class=\"wp-image-128\" width=\"235\" height=\"176\" srcset=\"https:\/\/i0.wp.com\/www.hardynet.ch\/gigathlon\/wp-content\/uploads\/2018\/06\/NinerRip01.jpg?resize=1024%2C768&amp;ssl=1 1024w, https:\/\/i0.wp.com\/www.hardynet.ch\/gigathlon\/wp-content\/uploads\/2018\/06\/NinerRip01.jpg?resize=300%2C225&amp;ssl=1 300w, https:\/\/i0.wp.com\/www.hardynet.ch\/gigathlon\/wp-content\/uploads\/2018\/06\/NinerRip01.jpg?resize=768%2C576&amp;ssl=1 768w, https:\/\/i0.wp.com\/www.hardynet.ch\/gigathlon\/wp-content\/uploads\/2018\/06\/NinerRip01.jpg?resize=285%2C215&amp;ssl=1 285w, https:\/\/i0.wp.com\/www.hardynet.ch\/gigathlon\/wp-content\/uploads\/2018\/06\/NinerRip01.jpg?w=1460&amp;ssl=1 1460w, https:\/\/i0.wp.com\/www.hardynet.ch\/gigathlon\/wp-content\/uploads\/2018\/06\/NinerRip01.jpg?w=2190&amp;ssl=1 2190w\" sizes=\"auto, (max-width: 235px) 100vw, 235px\" \/><\/figure>\n\n<\/div>\n<\/div><\/div>\n\n\n<h2 class=\"wp-block-heading\">Niner Rip<\/h2>\n\n\n\n<figure class=\"wp-block-image alignnone\"><a href=\"https:\/\/i0.wp.com\/www.hardynet.ch\/gigathlon\/wp-content\/uploads\/2018\/06\/NinerRip.jpg?ssl=1\"><img data-recalc-dims=\"1\" loading=\"lazy\" decoding=\"async\" width=\"300\" height=\"225\" src=\"https:\/\/i0.wp.com\/www.hardynet.ch\/gigathlon\/wp-content\/uploads\/2018\/06\/NinerRip.jpg?resize=300%2C225&#038;ssl=1\" alt=\"Niner Rip\" class=\"wp-image-127\" srcset=\"https:\/\/i0.wp.com\/www.hardynet.ch\/gigathlon\/wp-content\/uploads\/2018\/06\/NinerRip.jpg?resize=300%2C225&amp;ssl=1 300w, https:\/\/i0.wp.com\/www.hardynet.ch\/gigathlon\/wp-content\/uploads\/2018\/06\/NinerRip.jpg?resize=768%2C576&amp;ssl=1 768w, https:\/\/i0.wp.com\/www.hardynet.ch\/gigathlon\/wp-content\/uploads\/2018\/06\/NinerRip.jpg?resize=1024%2C768&amp;ssl=1 1024w, https:\/\/i0.wp.com\/www.hardynet.ch\/gigathlon\/wp-content\/uploads\/2018\/06\/NinerRip.jpg?resize=285%2C215&amp;ssl=1 285w, https:\/\/i0.wp.com\/www.hardynet.ch\/gigathlon\/wp-content\/uploads\/2018\/06\/NinerRip.jpg?w=1460&amp;ssl=1 1460w, https:\/\/i0.wp.com\/www.hardynet.ch\/gigathlon\/wp-content\/uploads\/2018\/06\/NinerRip.jpg?w=2190&amp;ssl=1 2190w\" sizes=\"auto, (max-width: 300px) 100vw, 300px\" \/><\/a><figcaption>Niner Rip<\/figcaption><\/figure>\n\n\n\n<figure class=\"wp-block-image alignnone\"><a href=\"https:\/\/i0.wp.com\/www.hardynet.ch\/gigathlon\/wp-content\/uploads\/2018\/06\/NinerRip01.jpg?ssl=1\"><img data-recalc-dims=\"1\" loading=\"lazy\" decoding=\"async\" width=\"300\" height=\"225\" src=\"https:\/\/i0.wp.com\/www.hardynet.ch\/gigathlon\/wp-content\/uploads\/2018\/06\/NinerRip01.jpg?resize=300%2C225&#038;ssl=1\" alt=\"Niner Rip\" class=\"wp-image-128\" srcset=\"https:\/\/i0.wp.com\/www.hardynet.ch\/gigathlon\/wp-content\/uploads\/2018\/06\/NinerRip01.jpg?resize=300%2C225&amp;ssl=1 300w, https:\/\/i0.wp.com\/www.hardynet.ch\/gigathlon\/wp-content\/uploads\/2018\/06\/NinerRip01.jpg?resize=768%2C576&amp;ssl=1 768w, https:\/\/i0.wp.com\/www.hardynet.ch\/gigathlon\/wp-content\/uploads\/2018\/06\/NinerRip01.jpg?resize=1024%2C768&amp;ssl=1 1024w, https:\/\/i0.wp.com\/www.hardynet.ch\/gigathlon\/wp-content\/uploads\/2018\/06\/NinerRip01.jpg?resize=285%2C215&amp;ssl=1 285w, https:\/\/i0.wp.com\/www.hardynet.ch\/gigathlon\/wp-content\/uploads\/2018\/06\/NinerRip01.jpg?w=1460&amp;ssl=1 1460w, https:\/\/i0.wp.com\/www.hardynet.ch\/gigathlon\/wp-content\/uploads\/2018\/06\/NinerRip01.jpg?w=2190&amp;ssl=1 2190w\" sizes=\"auto, (max-width: 300px) 100vw, 300px\" \/><\/a><figcaption>Niner Rip<\/figcaption><\/figure>\n\n\n\n<h2 class=\"wp-block-heading\">Wheeler Hornet<\/h2>\n\n\n\n<figure class=\"wp-block-image alignnone\"><a href=\"https:\/\/i0.wp.com\/www.hardynet.ch\/gigathlon\/wp-content\/uploads\/2018\/06\/Hornet.jpg?ssl=1\"><img data-recalc-dims=\"1\" loading=\"lazy\" decoding=\"async\" width=\"300\" height=\"225\" src=\"https:\/\/i0.wp.com\/www.hardynet.ch\/gigathlon\/wp-content\/uploads\/2018\/06\/Hornet.jpg?resize=300%2C225&#038;ssl=1\" alt=\"Wheeler Hornet\" class=\"wp-image-130\" srcset=\"https:\/\/i0.wp.com\/www.hardynet.ch\/gigathlon\/wp-content\/uploads\/2018\/06\/Hornet.jpg?resize=300%2C225&amp;ssl=1 300w, https:\/\/i0.wp.com\/www.hardynet.ch\/gigathlon\/wp-content\/uploads\/2018\/06\/Hornet.jpg?resize=768%2C576&amp;ssl=1 768w, https:\/\/i0.wp.com\/www.hardynet.ch\/gigathlon\/wp-content\/uploads\/2018\/06\/Hornet.jpg?resize=1024%2C768&amp;ssl=1 1024w, https:\/\/i0.wp.com\/www.hardynet.ch\/gigathlon\/wp-content\/uploads\/2018\/06\/Hornet.jpg?resize=285%2C215&amp;ssl=1 285w, https:\/\/i0.wp.com\/www.hardynet.ch\/gigathlon\/wp-content\/uploads\/2018\/06\/Hornet.jpg?w=1460&amp;ssl=1 1460w, https:\/\/i0.wp.com\/www.hardynet.ch\/gigathlon\/wp-content\/uploads\/2018\/06\/Hornet.jpg?w=2190&amp;ssl=1 2190w\" sizes=\"auto, (max-width: 300px) 100vw, 300px\" \/><\/a><figcaption>Wheeler Hornet<\/figcaption><\/figure>\n\n\n\n<h2 class=\"wp-block-heading\">DaBomb<\/h2>\n\n\n\n<figure class=\"wp-block-image alignnone\"><a href=\"https:\/\/i0.wp.com\/www.hardynet.ch\/gigathlon\/wp-content\/uploads\/2018\/06\/DaBomb.jpg?ssl=1\"><img data-recalc-dims=\"1\" loading=\"lazy\" decoding=\"async\" width=\"300\" height=\"225\" src=\"https:\/\/i0.wp.com\/www.hardynet.ch\/gigathlon\/wp-content\/uploads\/2018\/06\/DaBomb.jpg?resize=300%2C225&#038;ssl=1\" alt=\"DaBomb\" class=\"wp-image-129\" srcset=\"https:\/\/i0.wp.com\/www.hardynet.ch\/gigathlon\/wp-content\/uploads\/2018\/06\/DaBomb.jpg?resize=300%2C225&amp;ssl=1 300w, https:\/\/i0.wp.com\/www.hardynet.ch\/gigathlon\/wp-content\/uploads\/2018\/06\/DaBomb.jpg?resize=768%2C576&amp;ssl=1 768w, https:\/\/i0.wp.com\/www.hardynet.ch\/gigathlon\/wp-content\/uploads\/2018\/06\/DaBomb.jpg?resize=1024%2C768&amp;ssl=1 1024w, https:\/\/i0.wp.com\/www.hardynet.ch\/gigathlon\/wp-content\/uploads\/2018\/06\/DaBomb.jpg?resize=285%2C215&amp;ssl=1 285w, https:\/\/i0.wp.com\/www.hardynet.ch\/gigathlon\/wp-content\/uploads\/2018\/06\/DaBomb.jpg?w=1460&amp;ssl=1 1460w, https:\/\/i0.wp.com\/www.hardynet.ch\/gigathlon\/wp-content\/uploads\/2018\/06\/DaBomb.jpg?w=2190&amp;ssl=1 2190w\" sizes=\"auto, (max-width: 300px) 100vw, 300px\" \/><\/a><figcaption>DaBomb<\/figcaption><\/figure>\n\n\n\n<h2 class=\"wp-block-heading\">Bix Sprinter<\/h2>\n\n\n\n<figure class=\"wp-block-image alignnone\"><a href=\"https:\/\/i0.wp.com\/www.hardynet.ch\/gigathlon\/wp-content\/uploads\/2018\/06\/BixsSprinter.jpg?ssl=1\"><img data-recalc-dims=\"1\" loading=\"lazy\" decoding=\"async\" width=\"300\" height=\"225\" src=\"https:\/\/i0.wp.com\/www.hardynet.ch\/gigathlon\/wp-content\/uploads\/2018\/06\/BixsSprinter.jpg?resize=300%2C225&#038;ssl=1\" alt=\"Bixs Sprinter\" class=\"wp-image-132\" srcset=\"https:\/\/i0.wp.com\/www.hardynet.ch\/gigathlon\/wp-content\/uploads\/2018\/06\/BixsSprinter.jpg?resize=300%2C225&amp;ssl=1 300w, https:\/\/i0.wp.com\/www.hardynet.ch\/gigathlon\/wp-content\/uploads\/2018\/06\/BixsSprinter.jpg?resize=768%2C576&amp;ssl=1 768w, https:\/\/i0.wp.com\/www.hardynet.ch\/gigathlon\/wp-content\/uploads\/2018\/06\/BixsSprinter.jpg?resize=1024%2C768&amp;ssl=1 1024w, https:\/\/i0.wp.com\/www.hardynet.ch\/gigathlon\/wp-content\/uploads\/2018\/06\/BixsSprinter.jpg?resize=285%2C215&amp;ssl=1 285w, https:\/\/i0.wp.com\/www.hardynet.ch\/gigathlon\/wp-content\/uploads\/2018\/06\/BixsSprinter.jpg?w=1460&amp;ssl=1 1460w, https:\/\/i0.wp.com\/www.hardynet.ch\/gigathlon\/wp-content\/uploads\/2018\/06\/BixsSprinter.jpg?w=2190&amp;ssl=1 2190w\" sizes=\"auto, (max-width: 300px) 100vw, 300px\" \/><\/a><figcaption>Bixs Sprinter<\/figcaption><\/figure>\n","protected":false},"excerpt":{"rendered":"<p>Niner Rip Wheeler Hornet DaBomb Bix Sprinter<\/p>\n","protected":false},"author":1,"featured_media":0,"parent":0,"menu_order":0,"comment_status":"open","ping_status":"open","template":"","meta":{"_coblocks_attr":"","_coblocks_dimensions":"","_coblocks_responsive_height":"","_coblocks_accordion_ie_support":"","advgb_blocks_editor_width":"","advgb_blocks_columns_visual_guide":"","footnotes":""},"class_list":["post-6","page","type-page","status-publish","hentry"],"coauthors":[],"author_meta":{"author_link":"https:\/\/www.hardynet.ch\/gigathlon\/author\/admin\/","display_name":"Ren\u00e9 Hartmann"},"relative_dates":{"created":"Ver\u00f6ffentlicht 11 Jahren vor","modified":"Aktualisiert 7 Jahren vor"},"absolute_dates":{"created":"Ver\u00f6ffentlicht am 11. April 2015","modified":"Aktualisiert am 17. August 2019"},"absolute_dates_time":{"created":"Ver\u00f6ffentlicht am 11. April 2015 19:26","modified":"Aktualisiert am 17. August 2019 18:35"},"featured_img_caption":"","featured_img":false,"series_order":"","jetpack_sharing_enabled":true,"_links":{"self":[{"href":"https:\/\/www.hardynet.ch\/gigathlon\/wp-json\/wp\/v2\/pages\/6","targetHints":{"allow":["GET"]}}],"collection":[{"href":"https:\/\/www.hardynet.ch\/gigathlon\/wp-json\/wp\/v2\/pages"}],"about":[{"href":"https:\/\/www.hardynet.ch\/gigathlon\/wp-json\/wp\/v2\/types\/page"}],"author":[{"embeddable":true,"href":"https:\/\/www.hardynet.ch\/gigathlon\/wp-json\/wp\/v2\/users\/1"}],"replies":[{"embeddable":true,"href":"https:\/\/www.hardynet.ch\/gigathlon\/wp-json\/wp\/v2\/comments?post=6"}],"version-history":[{"count":24,"href":"https:\/\/www.hardynet.ch\/gigathlon\/wp-json\/wp\/v2\/pages\/6\/revisions"}],"predecessor-version":[{"id":147,"href":"https:\/\/www.hardynet.ch\/gigathlon\/wp-json\/wp\/v2\/pages\/6\/revisions\/147"}],"wp:attachment":[{"href":"https:\/\/www.hardynet.ch\/gigathlon\/wp-json\/wp\/v2\/media?parent=6"}],"curies":[{"name":"wp","href":"https:\/\/api.w.org\/{rel}","templated":true}]}}