{"id":2,"date":"2015-04-11T20:42:57","date_gmt":"2015-04-11T20:42:57","guid":{"rendered":"http:\/\/www.hardynet.ch\/gigathlon\/?page_id=2"},"modified":"2018-06-06T19:42:02","modified_gmt":"2018-06-06T19:42:02","slug":"about","status":"publish","type":"page","link":"https:\/\/www.hardynet.ch\/gigathlon\/about\/","title":{"rendered":"Gigathlon"},"content":{"rendered":"<p>Im letzten Jahr wurde bekannt das der Gigathlon im 2015 in den Kanton Aargau kommt. Das hat mich nat\u00fcrlich extrem gereizt und ich habe mich entschlossen den Gigathlon als SINGLE MAN\u00a0zu bestreiten. Der Reiz sich an den Grenzen des Leistungsverm\u00f6gens in einer bekannten Umgebung zu erleben war gr\u00f6sser als alle Bedenken. Ich habe ja auch schon sehr viele positive Erlebnisse an diversen Gigathlon&#8217;s.<\/p>\n<p>Warum macht man das \u00fcberhaupt? Vielleicht wegen dem?<a href=\"https:\/\/i0.wp.com\/www.hardynet.ch\/gigathlon\/wp-content\/uploads\/2015\/04\/20130711_1932431.jpg\"><br \/>\n<img data-recalc-dims=\"1\" loading=\"lazy\" decoding=\"async\" class=\"alignnone size-medium wp-image-16\" src=\"https:\/\/i0.wp.com\/www.hardynet.ch\/gigathlon\/wp-content\/uploads\/2015\/04\/20130711_1932431-225x300.jpg?resize=225%2C300\" alt=\"20130711_193243[1]\" width=\"225\" height=\"300\" srcset=\"https:\/\/i0.wp.com\/www.hardynet.ch\/gigathlon\/wp-content\/uploads\/2015\/04\/20130711_1932431.jpg?resize=225%2C300&amp;ssl=1 225w, https:\/\/i0.wp.com\/www.hardynet.ch\/gigathlon\/wp-content\/uploads\/2015\/04\/20130711_1932431.jpg?resize=768%2C1024&amp;ssl=1 768w, https:\/\/i0.wp.com\/www.hardynet.ch\/gigathlon\/wp-content\/uploads\/2015\/04\/20130711_1932431.jpg?w=1920&amp;ssl=1 1920w, https:\/\/i0.wp.com\/www.hardynet.ch\/gigathlon\/wp-content\/uploads\/2015\/04\/20130711_1932431.jpg?w=1460&amp;ssl=1 1460w\" sizes=\"auto, (max-width: 225px) 100vw, 225px\" \/><\/a><\/p>\n<p>Vermutlich nicht, oder?<\/p>\n","protected":false},"excerpt":{"rendered":"<p>Im letzten Jahr wurde bekannt das der Gigathlon im 2015 in den Kanton Aargau kommt. Das hat mich nat\u00fcrlich extrem gereizt und ich habe mich entschlossen den Gigathlon als SINGLE MAN\u00a0zu bestreiten. Der Reiz sich an den Grenzen des Leistungsverm\u00f6gens in einer bekannten Umgebung zu erleben war gr\u00f6sser als alle&#8230; <a href=\"https:\/\/www.hardynet.ch\/gigathlon\/about\/\" class=\"readmore\">Read more<span class=\"screen-reader-text\">&#8222;Gigathlon&#8220;<\/span><\/a><\/p>\n","protected":false},"author":1,"featured_media":0,"parent":0,"menu_order":0,"comment_status":"open","ping_status":"open","template":"","meta":{"_coblocks_attr":"","_coblocks_dimensions":"","_coblocks_responsive_height":"","_coblocks_accordion_ie_support":"","advgb_blocks_editor_width":"","advgb_blocks_columns_visual_guide":"","footnotes":""},"class_list":["post-2","page","type-page","status-publish","hentry"],"coauthors":[],"author_meta":{"author_link":"https:\/\/www.hardynet.ch\/gigathlon\/author\/admin\/","display_name":"Ren\u00e9 Hartmann"},"relative_dates":{"created":"Ver\u00f6ffentlicht 11 Jahren vor","modified":"Aktualisiert 8 Jahren vor"},"absolute_dates":{"created":"Ver\u00f6ffentlicht am 11. April 2015","modified":"Aktualisiert am 6. Juni 2018"},"absolute_dates_time":{"created":"Ver\u00f6ffentlicht am 11. April 2015 20:42","modified":"Aktualisiert am 6. Juni 2018 19:42"},"featured_img_caption":"","featured_img":false,"series_order":"","jetpack_sharing_enabled":true,"_links":{"self":[{"href":"https:\/\/www.hardynet.ch\/gigathlon\/wp-json\/wp\/v2\/pages\/2","targetHints":{"allow":["GET"]}}],"collection":[{"href":"https:\/\/www.hardynet.ch\/gigathlon\/wp-json\/wp\/v2\/pages"}],"about":[{"href":"https:\/\/www.hardynet.ch\/gigathlon\/wp-json\/wp\/v2\/types\/page"}],"author":[{"embeddable":true,"href":"https:\/\/www.hardynet.ch\/gigathlon\/wp-json\/wp\/v2\/users\/1"}],"replies":[{"embeddable":true,"href":"https:\/\/www.hardynet.ch\/gigathlon\/wp-json\/wp\/v2\/comments?post=2"}],"version-history":[{"count":3,"href":"https:\/\/www.hardynet.ch\/gigathlon\/wp-json\/wp\/v2\/pages\/2\/revisions"}],"predecessor-version":[{"id":120,"href":"https:\/\/www.hardynet.ch\/gigathlon\/wp-json\/wp\/v2\/pages\/2\/revisions\/120"}],"wp:attachment":[{"href":"https:\/\/www.hardynet.ch\/gigathlon\/wp-json\/wp\/v2\/media?parent=2"}],"curies":[{"name":"wp","href":"https:\/\/api.w.org\/{rel}","templated":true}]}}