{"id":149,"date":"2019-08-20T18:35:51","date_gmt":"2019-08-20T18:35:51","guid":{"rendered":"https:\/\/www.hardynet.ch\/gigathlon\/?page_id=149"},"modified":"2020-04-26T20:29:15","modified_gmt":"2020-04-26T20:29:15","slug":"test","status":"publish","type":"page","link":"https:\/\/www.hardynet.ch\/gigathlon\/test\/","title":{"rendered":"Elba"},"content":{"rendered":"\n<p>Beitr\u00e4ge zu den Touren mit <a href=\"https:\/\/bikeferien-elba.com\/\" target=\"_blank\" rel=\"noreferrer noopener\">Tourkultur<\/a> auf Elba, die leider im Fr\u00fchling 2020 ausfallen. In den letzten Jahre habe ich dort jeweils ein Gruppe als Guide begleitet.<\/p>\n","protected":false},"excerpt":{"rendered":"<p>Beitr\u00e4ge zu den Touren mit Tourkultur auf Elba, die leider im Fr\u00fchling 2020 ausfallen. In den letzten Jahre habe ich dort jeweils ein Gruppe als Guide begleitet.<\/p>\n","protected":false},"author":1,"featured_media":196,"parent":0,"menu_order":0,"comment_status":"closed","ping_status":"closed","template":"","meta":{"_coblocks_attr":"","_coblocks_dimensions":"","_coblocks_responsive_height":"","_coblocks_accordion_ie_support":"","advgb_blocks_editor_width":"","advgb_blocks_columns_visual_guide":"","footnotes":""},"class_list":["post-149","page","type-page","status-publish","has-post-thumbnail","hentry"],"coauthors":[],"author_meta":{"author_link":"https:\/\/www.hardynet.ch\/gigathlon\/author\/admin\/","display_name":"Ren\u00e9 Hartmann"},"relative_dates":{"created":"Ver\u00f6ffentlicht 7 Jahren vor","modified":"Aktualisiert 6 Jahren vor"},"absolute_dates":{"created":"Ver\u00f6ffentlicht am 20. August 2019","modified":"Aktualisiert am 26. April 2020"},"absolute_dates_time":{"created":"Ver\u00f6ffentlicht am 20. August 2019 18:35","modified":"Aktualisiert am 26. April 2020 20:29"},"featured_img_caption":"Elba","featured_img":"https:\/\/www.hardynet.ch\/gigathlon\/wp-content\/uploads\/2020\/04\/20190420_103030-scaled.jpg","series_order":"","jetpack_sharing_enabled":true,"_links":{"self":[{"href":"https:\/\/www.hardynet.ch\/gigathlon\/wp-json\/wp\/v2\/pages\/149","targetHints":{"allow":["GET"]}}],"collection":[{"href":"https:\/\/www.hardynet.ch\/gigathlon\/wp-json\/wp\/v2\/pages"}],"about":[{"href":"https:\/\/www.hardynet.ch\/gigathlon\/wp-json\/wp\/v2\/types\/page"}],"author":[{"embeddable":true,"href":"https:\/\/www.hardynet.ch\/gigathlon\/wp-json\/wp\/v2\/users\/1"}],"replies":[{"embeddable":true,"href":"https:\/\/www.hardynet.ch\/gigathlon\/wp-json\/wp\/v2\/comments?post=149"}],"version-history":[{"count":15,"href":"https:\/\/www.hardynet.ch\/gigathlon\/wp-json\/wp\/v2\/pages\/149\/revisions"}],"predecessor-version":[{"id":200,"href":"https:\/\/www.hardynet.ch\/gigathlon\/wp-json\/wp\/v2\/pages\/149\/revisions\/200"}],"wp:featuredmedia":[{"embeddable":true,"href":"https:\/\/www.hardynet.ch\/gigathlon\/wp-json\/wp\/v2\/media\/196"}],"wp:attachment":[{"href":"https:\/\/www.hardynet.ch\/gigathlon\/wp-json\/wp\/v2\/media?parent=149"}],"curies":[{"name":"wp","href":"https:\/\/api.w.org\/{rel}","templated":true}]}}