{"id":12,"date":"2015-04-11T19:53:21","date_gmt":"2015-04-11T19:53:21","guid":{"rendered":"http:\/\/www.hardynet.ch\/gigathlon\/?page_id=12"},"modified":"2018-06-06T18:37:40","modified_gmt":"2018-06-06T18:37:40","slug":"history","status":"publish","type":"page","link":"https:\/\/www.hardynet.ch\/gigathlon\/history\/","title":{"rendered":"History"},"content":{"rendered":"<ul>\n<li><a href=\"http:\/\/www.gigathlon.com\/switzerland\/2017\/de\/gigathlon-switzerland-2017\" target=\"_blank\" rel=\"noopener\">2017<\/a>: 2 Tage Single<\/li>\n<li><a href=\"http:\/\/www.gigathlon.com\/switzerland\/2015\" target=\"_blank\" rel=\"noopener\">2015<\/a>: 2 Tage Single<\/li>\n<li><a title=\"Gigathlon 2013\" href=\"http:\/\/www.gigathlon.com\/archive\/de\/Gigathlon-2013\/History.html\" target=\"_blank\" rel=\"noopener\">2013<\/a>: 7 Tage. Die ersten 2 Tage als Couple, die letzten 2 Tage als Single<\/li>\n<li><a title=\"Gigathlon 2012\" href=\"http:\/\/www.gigathlon.com\/archive\/de\/Gigathlon-2013\/History\/2012.html\" target=\"_blank\" rel=\"noopener\">2012<\/a>: <strong><em>Closer to You<\/em><\/strong> Couple<\/li>\n<li><a title=\"Gigathlon 2011\" href=\"http:\/\/www.gigathlon.com\/archive\/de\/Gigathlon-2013\/History\/2011.html\" target=\"_blank\" rel=\"noopener\">2011<\/a>: <em><strong>ON THE ROCKS<\/strong><\/em> Couple<\/li>\n<li><a title=\"Gigathlon 2010\" href=\"http:\/\/www.gigathlon.com\/archive\/de\/Gigathlon-2013\/History\/2010.html\" target=\"_blank\" rel=\"noopener\">2010<\/a>: <em><strong>Catch the Sun<\/strong><\/em> Mein erster Einsatz als Couple<\/li>\n<li><a title=\"Gigathlon 2009\" href=\"http:\/\/www.gigathlon.com\/archive\/de\/Gigathlon-2013\/History\/2009.html\" target=\"_blank\" rel=\"noopener\">2009<\/a>: <strong><em>TIMELESS MOMENTS<\/em><\/strong> 3 Tage\u00a0im Team of Five<\/li>\n<li><a title=\"Gigathlon 2007\" href=\"http:\/\/www.gigathlon.com\/archive\/de\/Gigathlon-2013\/History\/2007.html\" target=\"_blank\" rel=\"noopener\">2007<\/a>: \u00a07 Tage im Team of Five<\/li>\n<li><a title=\"Gigathlon 2006\" href=\"http:\/\/www.gigathlon.com\/archive\/de\/Gigathlon-2013\/History\/2006.html\" target=\"_blank\" rel=\"noopener\">2006<\/a>: <strong><em>24h &#8211;\u00a0l&#8217;aventure continue!<\/em><\/strong> Die erste bekanntschaft mit dem Gigathlon machte ich in eine Team of Five und zugleich mein\u00a0erster Wettkampm\u00e4ssiger Einsatz mit einem Rennvelo.<\/li>\n<\/ul>\n<p>&nbsp;<\/p>\n<p>&nbsp;<\/p>\n<p>&nbsp;<\/p>\n","protected":false},"excerpt":{"rendered":"<p>2017: 2 Tage Single 2015: 2 Tage Single 2013: 7 Tage. Die ersten 2 Tage als Couple, die letzten 2 Tage als Single 2012: Closer to You Couple 2011: ON THE ROCKS Couple 2010: Catch the Sun Mein erster Einsatz als Couple 2009: TIMELESS MOMENTS 3 Tage\u00a0im Team of Five&#8230; <a href=\"https:\/\/www.hardynet.ch\/gigathlon\/history\/\" class=\"readmore\">Read more<span class=\"screen-reader-text\">&#8222;History&#8220;<\/span><\/a><\/p>\n","protected":false},"author":1,"featured_media":20,"parent":0,"menu_order":0,"comment_status":"open","ping_status":"open","template":"","meta":{"_coblocks_attr":"","_coblocks_dimensions":"","_coblocks_responsive_height":"","_coblocks_accordion_ie_support":"","advgb_blocks_editor_width":"","advgb_blocks_columns_visual_guide":"","footnotes":""},"class_list":["post-12","page","type-page","status-publish","has-post-thumbnail","hentry"],"coauthors":[],"author_meta":{"author_link":"https:\/\/www.hardynet.ch\/gigathlon\/author\/admin\/","display_name":"Ren\u00e9 Hartmann"},"relative_dates":{"created":"Ver\u00f6ffentlicht 11 Jahren vor","modified":"Aktualisiert 8 Jahren vor"},"absolute_dates":{"created":"Ver\u00f6ffentlicht am 11. April 2015","modified":"Aktualisiert am 6. Juni 2018"},"absolute_dates_time":{"created":"Ver\u00f6ffentlicht am 11. April 2015 19:53","modified":"Aktualisiert am 6. Juni 2018 18:37"},"featured_img_caption":"","featured_img":"https:\/\/www.hardynet.ch\/gigathlon\/wp-content\/uploads\/2015\/04\/3444688_orig.jpg","series_order":"","jetpack_sharing_enabled":true,"_links":{"self":[{"href":"https:\/\/www.hardynet.ch\/gigathlon\/wp-json\/wp\/v2\/pages\/12","targetHints":{"allow":["GET"]}}],"collection":[{"href":"https:\/\/www.hardynet.ch\/gigathlon\/wp-json\/wp\/v2\/pages"}],"about":[{"href":"https:\/\/www.hardynet.ch\/gigathlon\/wp-json\/wp\/v2\/types\/page"}],"author":[{"embeddable":true,"href":"https:\/\/www.hardynet.ch\/gigathlon\/wp-json\/wp\/v2\/users\/1"}],"replies":[{"embeddable":true,"href":"https:\/\/www.hardynet.ch\/gigathlon\/wp-json\/wp\/v2\/comments?post=12"}],"version-history":[{"count":9,"href":"https:\/\/www.hardynet.ch\/gigathlon\/wp-json\/wp\/v2\/pages\/12\/revisions"}],"predecessor-version":[{"id":110,"href":"https:\/\/www.hardynet.ch\/gigathlon\/wp-json\/wp\/v2\/pages\/12\/revisions\/110"}],"wp:featuredmedia":[{"embeddable":true,"href":"https:\/\/www.hardynet.ch\/gigathlon\/wp-json\/wp\/v2\/media\/20"}],"wp:attachment":[{"href":"https:\/\/www.hardynet.ch\/gigathlon\/wp-json\/wp\/v2\/media?parent=12"}],"curies":[{"name":"wp","href":"https:\/\/api.w.org\/{rel}","templated":true}]}}